{"id":9569,"date":"2022-12-19T12:17:34","date_gmt":"2022-12-19T12:17:34","guid":{"rendered":"https:\/\/itmeister.ee\/?page_id=9569"},"modified":"2024-02-08T23:42:50","modified_gmt":"2024-02-08T23:42:50","slug":"registreerimise-tingimused","status":"publish","type":"page","link":"https:\/\/itmeister.ee\/ru\/registreerimise-tingimused\/","title":{"rendered":"\u0423\u0441\u043b\u043e\u0432\u0438\u044f \u0440\u0435\u0433\u0438\u0441\u0442\u0440\u0430\u0446\u0438\u0438"},"content":{"rendered":"<div data-elementor-type=\"wp-page\" data-elementor-id=\"9569\" class=\"elementor elementor-9569\" data-elementor-post-type=\"page\">\n\t\t\t\t\t\t<section class=\"elementor-section elementor-top-section elementor-element elementor-element-cbae657 elementor-section-boxed elementor-section-height-default elementor-section-height-default\" data-id=\"cbae657\" data-element_type=\"section\" data-e-type=\"section\">\n\t\t\t\t\t\t<div class=\"elementor-container elementor-column-gap-wide\">\n\t\t\t\t\t<div class=\"elementor-column elementor-col-100 elementor-top-column elementor-element elementor-element-a9fb0da\" data-id=\"a9fb0da\" data-element_type=\"column\" data-e-type=\"column\">\n\t\t\t<div class=\"elementor-widget-wrap elementor-element-populated\">\n\t\t\t\t\t\t<div class=\"elementor-element elementor-element-29b5902 elementor-widget elementor-widget-text-editor\" data-id=\"29b5902\" data-element_type=\"widget\" data-e-type=\"widget\" data-widget_type=\"text-editor.default\">\n\t\t\t\t<div class=\"elementor-widget-container\">\n\t\t\t\t\t\t\t\t\t<h5><strong>\u0420\u0435\u0433\u0438\u0441\u0442\u0440\u0430\u0446\u0438\u044f \u043d\u0430 \u043e\u0431\u0443\u0447\u0435\u043d\u0438\u0435<\/strong><\/h5><p>\u0417\u0430\u0440\u0435\u0433\u0438\u0441\u0442\u0440\u0438\u0440\u043e\u0432\u0430\u0442\u044c\u0441\u044f \u043d\u0430 \u043a\u0443\u0440\u0441\u044b \u043c\u043e\u0436\u043d\u043e \u0447\u0435\u0440\u0435\u0437 \u0440\u0435\u0433\u0438\u0441\u0442\u0440\u0430\u0446\u0438\u043e\u043d\u043d\u0443\u044e \u0444\u043e\u0440\u043c\u0443 \u043d\u0430 \u0441\u0430\u0439\u0442\u0435 (www.itmeister.ee) \u0438\u043b\u0438 \u043f\u043e \u044d\u043b\u0435\u043a\u0442\u0440\u043e\u043d\u043d\u043e\u0439 \u043f\u043e\u0447\u0442\u0435.<\/p><h5><strong>\u041e\u043f\u043b\u0430\u0442\u0430 \u0437\u0430 \u043e\u0431\u0443\u0447\u0435\u043d\u0438\u0435<\/strong><\/h5><p>\u041e\u043f\u043b\u0430\u0442\u0430 \u0437\u0430 \u043e\u0431\u0443\u0447\u0435\u043d\u0438\u0435 \u043f\u0440\u043e\u0438\u0437\u0432\u043e\u0434\u0438\u0442\u0441\u044f \u043d\u0430 \u043e\u0441\u043d\u043e\u0432\u0430\u043d\u0438\u0438 \u0441\u0447\u0435\u0442\u0430-\u0444\u0430\u043a\u0442\u0443\u0440\u044b, \u0434\u043e \u043d\u0430\u0447\u0430\u043b\u0430 \u043e\u0431\u0443\u0447\u0435\u043d\u0438\u044f. \u0421\u0447\u0435\u0442 \u0432\u044b\u0441\u044b\u043b\u0430\u0435\u0442\u0441\u044f \u043d\u0430 email \u0430\u0434\u0440\u0435\u0441, \u0443\u043a\u0430\u0437\u0430\u043d\u043d\u044b\u0439 \u0432 \u0440\u0435\u0433\u0438\u0441\u0442\u0440\u0430\u0446\u0438\u043e\u043d\u043d\u043e\u0439 \u0444\u043e\u0440\u043c\u0435. \u041e\u043a\u043e\u043d\u0447\u0430\u0442\u0435\u043b\u044c\u043d\u044b\u0439 \u0441\u0447\u0435\u0442 \u0434\u043e\u043b\u0436\u0435\u043d \u0431\u044b\u0442\u044c \u043e\u043f\u043b\u0430\u0447\u0435\u043d \u043a \u0443\u043a\u0430\u0437\u0430\u043d\u043d\u043e\u043c\u0443 \u0432 \u043d\u0435\u043c \u0441\u0440\u043e\u043a\u0443 \u043e\u043f\u043b\u0430\u0442\u044b.<\/p><h5><strong>\u041e\u0442\u043c\u0435\u043d\u0430 \u0438\u043b\u0438 \u043d\u0435\u043f\u043e\u0441\u0435\u0449\u0435\u043d\u0438\u0435 \u043a\u0443\u0440\u0441\u043e\u0432 \u043e\u0431\u0443\u0447\u0435\u043d\u0438\u044f<\/strong><\/h5><p>\u0415\u0441\u043b\u0438 \u043f\u043e\u0441\u043b\u0435 \u0440\u0435\u0433\u0438\u0441\u0442\u0440\u0430\u0446\u0438\u0438 \u0432\u044b\u044f\u0441\u043d\u044f\u0435\u0442\u0441\u044f, \u0447\u0442\u043e \u0447\u0435\u043b\u043e\u0432\u0435\u043a, \u0437\u0430\u0440\u0435\u0433\u0438\u0441\u0442\u0440\u0438\u0440\u043e\u0432\u0430\u0432\u0448\u0438\u0439\u0441\u044f \u043d\u0430 \u043a\u0443\u0440\u0441, \u043d\u0435 \u0441\u043c\u043e\u0436\u0435\u0442 \u043f\u0440\u0438\u043d\u044f\u0442\u044c \u0432 \u043d\u0435\u043c \u0443\u0447\u0430\u0441\u0442\u0438\u0435, \u043d\u0435\u043e\u0431\u0445\u043e\u0434\u0438\u043c\u043e \u0441\u043e\u043e\u0431\u0449\u0438\u0442\u044c \u043e\u0431 \u044d\u0442\u043e\u043c \u043f\u043e \u044d\u043b\u0435\u043a\u0442\u0440\u043e\u043d\u043d\u043e\u0439 \u043f\u043e\u0447\u0442\u0435 \u0438\u043b\u0438 \u043f\u043e \u0442\u0435\u043b\u0435\u0444\u043e\u043d\u0443.<br \/>\u0415\u0441\u043b\u0438 \u0432\u044b \u043e\u0442\u043a\u0430\u0436\u0435\u0442\u0435\u0441\u044c \u043e\u0442 \u0443\u0447\u0430\u0441\u0442\u0438\u044f \u0432 \u043a\u0443\u0440\u0441\u0435 \u0437\u0430 7 \u0434\u043d\u0435\u0439 \u0434\u043e \u0435\u0433\u043e \u043d\u0430\u0447\u0430\u043b\u0430, \u0432\u0430\u043c \u0431\u0443\u0434\u0435\u0442 \u0432\u043e\u0437\u0432\u0440\u0430\u0449\u0435\u043d\u043e 100% \u0441\u0442\u043e\u0438\u043c\u043e\u0441\u0442\u0438 \u043a\u0443\u0440\u0441\u0430. \u041f\u0440\u0438 \u043e\u0442\u043a\u0430\u0437\u0435 \u043e\u0442 \u043a\u0443\u0440\u0441\u0430 \u0437\u0430 3-6 \u0434\u043d\u0435\u0439 \u0434\u043e \u043d\u0430\u0447\u0430\u043b\u0430 \u043a\u0443\u0440\u0441\u0430 \u0432\u043e\u0437\u0432\u0440\u0430\u0449\u0430\u0435\u0442\u0441\u044f 75 % \u0441\u0442\u043e\u0438\u043c\u043e\u0441\u0442\u0438 \u043a\u0443\u0440\u0441\u0430. \u041f\u0440\u0438 \u043e\u0442\u043a\u0430\u0437\u0435 \u043e\u0442 \u043a\u0443\u0440\u0441\u0430 \u043c\u0435\u043d\u0435\u0435 \u0447\u0435\u043c \u0437\u0430 72 \u0447\u0430\u0441\u0430 \u0434\u043e \u0435\u0433\u043e \u043d\u0430\u0447\u0430\u043b\u0430 \u0438\u043b\u0438 \u0432 \u0441\u043b\u0443\u0447\u0430\u0435 \u043d\u0435\u044f\u0432\u043a\u0438 \u043d\u0430 \u043a\u0443\u0440\u0441 \u0434\u0435\u043d\u044c\u0433\u0438 \u043d\u0435 \u0432\u043e\u0437\u0432\u0440\u0430\u0449\u0430\u044e\u0442\u0441\u044f.<\/p><h5><strong>\u041e\u0442\u043c\u0435\u043d\u0430 \u0438\u043b\u0438 \u043f\u0435\u0440\u0435\u043d\u043e\u0441 \u043a\u0443\u0440\u0441\u0430 \u043e\u0431\u0443\u0447\u0435\u043d\u0438\u044f<\/strong><\/h5><p>\u0426\u0435\u043d\u0442\u0440 \u043e\u0431\u0443\u0447\u0435\u043d\u0438\u044f ITmeister \u043e\u0441\u0442\u0430\u0432\u043b\u044f\u0435\u0442 \u0437\u0430 \u0441\u043e\u0431\u043e\u0439 \u043f\u0440\u0430\u0432\u043e \u0432\u043d\u043e\u0441\u0438\u0442\u044c \u0438\u0437\u043c\u0435\u043d\u0435\u043d\u0438\u044f \u0432 \u0443\u0447\u0435\u0431\u043d\u044b\u0439 \u043f\u043b\u0430\u043d.<span style=\"background-color: rgba(255, 255, 255, 0);\">\u00a0<\/span><span style=\"color: var( --e-global-color-el_color_6 ); background-color: rgba(255, 255, 255, 0); letter-spacing: var(--the7-base-letter-spacing); text-transform: var(--the7-base-text-transform); word-spacing: normal;\">\u0415\u0441\u043b\u0438 \u0433\u0440\u0443\u043f\u043f\u0430 \u043d\u0435 \u0437\u0430\u043f\u043e\u043b\u043d\u0435\u043d\u0430, \u0430\u0434\u043c\u0438\u043d\u0438\u0441\u0442\u0440\u0430\u0446\u0438\u044f \u0438\u043c\u0435\u0435\u0442 \u043f\u0440\u0430\u0432\u043e \u043e\u0442\u043c\u0435\u043d\u0438\u0442\u044c \u043e\u0431\u0443\u0447\u0435\u043d\u0438\u0435 \u0438\u043b\u0438 \u043f\u0435\u0440\u0435\u043d\u0435\u0441\u0442\u0438 \u043e\u0431\u0443\u0447\u0435\u043d\u0438\u0435 \u0434\u043e \u0437\u0430\u043f\u043e\u043b\u043d\u0435\u043d\u0438\u044f \u0443\u0447\u0435\u0431\u043d\u043e\u0439 \u0433\u0440\u0443\u043f\u043f\u044b.<\/span><\/p><p>\u0422\u0435, \u043a\u0442\u043e \u0437\u0430\u0440\u0435\u0433\u0438\u0441\u0442\u0440\u0438\u0440\u043e\u0432\u0430\u043b\u0441\u044f \u043d\u0430 \u0443\u0447\u0435\u0431\u043d\u044b\u0439 \u043a\u0443\u0440\u0441, \u0431\u0443\u0434\u0443\u0442 \u043f\u0440\u043e\u0438\u043d\u0444\u043e\u0440\u043c\u0438\u0440\u043e\u0432\u0430\u043d\u044b \u043e \u043f\u0435\u0440\u0435\u043d\u043e\u0441\u0435 \u0438\u043b\u0438 \u043e\u0442\u043c\u0435\u043d\u0435 \u043f\u043e \u0442\u0435\u043b\u0435\u0444\u043e\u043d\u0443 \u0438\u043b\u0438 \u044d\u043b\u0435\u043a\u0442\u0440\u043e\u043d\u043d\u043e\u0439 \u043f\u043e\u0447\u0442\u0435 \u043d\u0435 \u043c\u0435\u043d\u0435\u0435 \u0447\u0435\u043c \u0437\u0430 \u0442\u0440\u0438 \u0434\u043d\u044f. \u0421\u0443\u043c\u043c\u0430, \u0443\u043f\u043b\u0430\u0447\u0435\u043d\u043d\u0430\u044f \u0437\u0430 \u043d\u0435 \u043f\u043e\u0441\u0435\u0449\u0435\u043d\u043d\u044b\u0439 \u0443\u0447\u0435\u0431\u043d\u044b\u0439 \u043a\u0443\u0440\u0441, \u0431\u0443\u0434\u0435\u0442 \u0432\u043e\u0437\u0432\u0440\u0430\u0449\u0435\u043d\u0430 \u0438\u043b\u0438, \u043f\u043e \u0436\u0435\u043b\u0430\u043d\u0438\u044e, \u043f\u0435\u0440\u0435\u043d\u0435\u0441\u0435\u043d\u0430 \u043d\u0430 \u0434\u0440\u0443\u0433\u043e\u0439 \u0443\u0447\u0435\u0431\u043d\u044b\u0439 \u043a\u0443\u0440\u0441.<\/p><p>\u0420\u0435\u0433\u0438\u0441\u0442\u0440\u0438\u0440\u0443\u044f\u0441\u044c \u043d\u0430 \u043a\u0443\u0440\u0441\u044b, \u0432\u044b \u043f\u043e\u0434\u0442\u0432\u0435\u0440\u0436\u0434\u0430\u0435\u0442\u0435, \u0447\u0442\u043e \u0441\u043e\u0433\u043b\u0430\u0441\u043d\u044b \u0441 \u0443\u0441\u043b\u043e\u0432\u0438\u044f\u043c\u0438 \u0438 \u043f\u043e\u043b\u043e\u0436\u0435\u043d\u0438\u044f\u043c\u0438, \u0438\u0437\u043b\u043e\u0436\u0435\u043d\u043d\u044b\u043c\u0438 \u043d\u0430 \u044d\u0442\u043e\u0439 \u0441\u0442\u0440\u0430\u043d\u0438\u0446\u0435.<\/p>\t\t\t\t\t\t\t\t<\/div>\n\t\t\t\t<\/div>\n\t\t\t\t\t<\/div>\n\t\t<\/div>\n\t\t\t\t\t<\/div>\n\t\t<\/section>\n\t\t\t\t<\/div>","protected":false},"excerpt":{"rendered":"<p>Koolitusele registreerimine Koolitusele registreerimine toimub kodulehek\u00fcljel (www.itmeister.ee) oleva registreerimisvormi v\u00f5i e-posti kaudu. Koolituse eest tasumine Koolituse eest tasumine toimub arve alusel enne koolituse algust. Arve saadetakse aadressile, mis on registreerimisvormis m\u00e4\u00e4ratud. Arve tuleb tasuda arvel m\u00e4rgitud t\u00e4htajaks. Koolitusel osalemine t\u00fchistamine v\u00f5i mitteilmumine Kui peale registreerimist selgub, et\u00a0koolitusele registreerunul ei ole v\u00f5imalik koolitusest osa v\u00f5tta, tuleb&hellip;<\/p>","protected":false},"author":1,"featured_media":0,"parent":0,"menu_order":90,"comment_status":"closed","ping_status":"closed","template":"","meta":{"footnotes":""},"class_list":["post-9569","page","type-page","status-publish","hentry"],"jetpack_sharing_enabled":true,"_links":{"self":[{"href":"https:\/\/itmeister.ee\/ru\/wp-json\/wp\/v2\/pages\/9569","targetHints":{"allow":["GET"]}}],"collection":[{"href":"https:\/\/itmeister.ee\/ru\/wp-json\/wp\/v2\/pages"}],"about":[{"href":"https:\/\/itmeister.ee\/ru\/wp-json\/wp\/v2\/types\/page"}],"author":[{"embeddable":true,"href":"https:\/\/itmeister.ee\/ru\/wp-json\/wp\/v2\/users\/1"}],"replies":[{"embeddable":true,"href":"https:\/\/itmeister.ee\/ru\/wp-json\/wp\/v2\/comments?post=9569"}],"version-history":[{"count":13,"href":"https:\/\/itmeister.ee\/ru\/wp-json\/wp\/v2\/pages\/9569\/revisions"}],"predecessor-version":[{"id":9737,"href":"https:\/\/itmeister.ee\/ru\/wp-json\/wp\/v2\/pages\/9569\/revisions\/9737"}],"wp:attachment":[{"href":"https:\/\/itmeister.ee\/ru\/wp-json\/wp\/v2\/media?parent=9569"}],"curies":[{"name":"wp","href":"https:\/\/api.w.org\/{rel}","templated":true}]}}