{"id":9559,"date":"2023-12-30T00:05:46","date_gmt":"2023-12-30T00:05:46","guid":{"rendered":"https:\/\/itmeister.ee\/?page_id=9559"},"modified":"2025-10-22T21:01:05","modified_gmt":"2025-10-22T21:01:05","slug":"privaatsuspoliitika","status":"publish","type":"page","link":"https:\/\/itmeister.ee\/ru\/privaatsuspoliitika\/","title":{"rendered":"Privaatsuspoliitika"},"content":{"rendered":"<div data-elementor-type=\"wp-page\" data-elementor-id=\"9559\" class=\"elementor elementor-9559\" data-elementor-post-type=\"page\">\n\t\t\t\t<div class=\"elementor-element elementor-element-b384e19 e-flex e-con-boxed e-con e-parent\" data-id=\"b384e19\" data-element_type=\"container\" data-e-type=\"container\">\n\t\t\t\t\t<div class=\"e-con-inner\">\n\t\t\t\t<div class=\"elementor-element elementor-element-2fc966f6 elementor-widget elementor-widget-text-editor\" data-id=\"2fc966f6\" data-element_type=\"widget\" data-e-type=\"widget\" data-widget_type=\"text-editor.default\">\n\t\t\t\t<div class=\"elementor-widget-container\">\n\t\t\t\t\t\t\t\t\t<p><\/p>\n<h4 class=\"wp-block-heading\">Privaatsuspoliitika<\/h4>\n<p>ITkool O\u00dc (ITmeister koolituskeskus) jaoks on oluline Teie privaatsus ja j\u00e4rgida k\u00f5iki kehtivaid seadusi ja m\u00e4\u00e4rusi mis tahes isikuandmete kohta, mida v\u00f5ime Teie kohta koguda, kui k\u00fclastate meie veebilehte www.itmeister.ee. Meie veebisaiti kasutades n\u00f5ustute, et kogume ja kasutame Teie andmeid vastavalt k\u00e4esolevale privaatsuspoliitikale.<\/p>\n<p>Teie andmete t\u00f6\u00f6tleja on ITkool O\u00dc<br \/>ettev\u00f5tte reg. number: 14064096<br \/>e-post: info@itmeister.ee<br \/>telefoninumber: +37259027886<\/p>\n<p>Kogume ja t\u00f6\u00f6tleme teavet koosk\u00f5las Euroopa Liidu \u00fcldise andmekaitse m\u00e4\u00e4rusega (GDPR), mis j\u00f5ustus 25.05.2018.<\/p>\n<h4>Andmete kogumine ja kasutamine<\/h4>\n<p><strong>Milliseid andmeid me kogume<\/strong><\/p>\n<p>Meie poolt kogutavad andmed sisaldavad endas teavet, mida olete meie teenuste v\u00f5i kampaaniate kasutamisel meile teadlikult jaganud ning teavet, mida Teie seadmed meile automaatselt edastavad.<\/p>\n<p><strong>Teie isiklikud andmed v\u00f5ivad j\u00f5uda meieni j\u00e4rgmistel viisidel:<\/strong><\/p>\n<p>Kui kontakteerute meiega telefoni, e-posti v\u00f5i online vestluse kaudu<br \/>Kui sirvite veebilehte www.itmeister.ee<br \/>Kui Te kommenteerite, laigite v\u00f5i jagate m\u00f5nda postitust meie sotsiaalmeedia kontol<br \/>Kui liitute meie uudiskirjaga<br \/><strong><br \/>Kogutavad andmet\u00fc\u00fcbid<\/strong><\/p>\n<p>K\u00fcsime Teilt isiklikku informatsiooni ainult siis, kui see on vajalik Teile teenuse osutamiseks. V\u00f5ttes meiega \u00fchendust v\u00f5i k\u00fclastades meie veebilehte, on v\u00f5imalik, et jagate meiega j\u00e4rgnevat teavet:<\/p>\n<p>Ees- ja perekonnanimi<br \/>\u041b\u0438\u0447\u043d\u044b\u0439 \u043a\u043e\u0434<br \/>E-posti aadress<br \/>Telefoninumber<br \/>Teie ja meie vaheline vestlusajalugu<br \/>Informatsioon Teie veebibrauseri ja IP-aadressi kohta<\/p>\n<p><strong>Kogutud informatsiooni v\u00f5ime kasutada erinevatel eesm\u00e4rkidel:<\/strong><\/p>\n<p>Teie tuvastamiseks telefoni, s\u00f5numi v\u00f5i e-posti teel<br \/>Teile informatsiooni saatmisel ja meie koolituste kohta tagasiside palumisel<br \/>Meievaheliste interaktsioonide lihtsustamiseks ja kiirendamiseks, kui v\u00f5tate meiega \u00fchendust<br \/>Muudel eesm\u00e4rkidel &#8211; koolitusele registreerimiseks, koolituse l\u00f5ppemisel v\u00e4ljastatava tunnistuse v\u00e4ljandmiseks<\/p>\n<p><strong>Millistel juhtudel on v\u00f5imalik, et jagame Teie andmeid:<\/strong><\/p>\n<p>V\u00f5ime jagada Teie andmeid oma partnerettev\u00f5tetega, n\u00f5udes neilt k\u00e4esoleva privaatsuspoliitika j\u00e4rgimist. <br \/>Oleme kohustatud Teie isikuandmed avaldama, kui seda n\u00f5uab seadus. Heas usus v\u00f5ime avaldada ka Teie andmeid, et j\u00e4rgida seadusest tulenevat kohustust, kaitsta meie \u00f5igusi v\u00f5i omandit, ennetada v\u00f5i tuvastada v\u00f5imalikke meie teenuse kasutamisega seonduvaid \u00f5igusrikkumisi ja tagada teenuse kasutajate turvalisus.<\/p>\n<p><strong>Teie isikuandmete s\u00e4ilitamine<\/strong><\/p>\n<p>Koolituskeskus s\u00e4ilitab Teie isikuandmeid ainult seni, kuni see on vajalik k\u00e4esolevas privaatsuspoliitikas s\u00e4testatud eesm\u00e4rkidel. S\u00e4ilitame ja kasutame Teie isikuandmeid ulatuses, mis on vajalik meie juriidiliste kohustuste t\u00e4itmiseks (n\u00e4iteks kui peame Teie andmeid s\u00e4ilitama kehtivate seaduste j\u00e4rgimiseks), vaidluste lahendamiseks ning meie juriidiliste lepingute ja eeskirjade j\u00f5ustamiseks.<br \/>Koolituskeskuse poolt v\u00e4ljastatud t\u00f5endite ja tunnistuste andmeid s\u00e4ilitatakse Haridus- ja Teadusministeeriumi poolt soovitatud t\u00e4htaja ehk seni kuni t\u00e4iendkoolitusasutus tegutseb. Selle alusel on v\u00f5imalik koolitusel osalenul endale vajadusel tellida tunnistuse v\u00f5i t\u00f5endi duplikaat.<\/p>\n<p><strong>Teie \u00f5igused oma andmete kaitsmiseks<\/strong><\/p>\n<p>Kui edastate isiklikku teave, meie kogume, hoiame, kasutame ja avaldame seda vastavalt k\u00e4esolevale privaatsuspoliitikale. Teil on \u00f5igus n\u00f5uda Teie kohta kogutavate andmete \u00fcksikasju.<\/p>\n<p>Saades Teie kohta isiklikku teavet kolmandalt osapoolelt, kaitseme seda vastavalt k\u00e4esolevale privaatsuspoliitikale ja Eesti Vabariigi seadusele. Kui jagate ise kolmanda osapoole andmeid, kinnitate, et Teil on selleks ka \u00f5igus ja luba.<\/p>\n<p>Teil on alati \u00f5igus loobuda meiega suhtlemisest ja n\u00f5uda, et eemaldaksime Teie andmed meie andmebaasidest. Kui leiate, et andmed, mida Teie kohta kogunud oleme, on ebat\u00e4psed, aegunud, puudulikud, ebaolulised v\u00f5i eksitavad, palun v\u00f5tke meiega \u00fchendust e-posti teel: info@itmeister.ee v\u00f5i telefonitsi: +37259027886.<\/p>\n<p>Kui arvate, et oleme rikkunud asjakohast andmekaitseseadust ja soovite esitada kaebuse, palun v\u00f5tke meiega \u00fchendust, kasutades k\u00e4esolevast dokumendist leitavaid kontaktandmeid ja edastage meile k\u00f5ik rikkumise kohta k\u00e4ivad \u00fcksikasjad. Uurime Teie kaebust viivitamata ja vastame teile kirjalikult, esitades uurimise tulemused ja toome v\u00e4lja sammud, mida Teie kaebuse lahendamiseks ette v\u00f5tame. Samuti on Teil \u00f5igus p\u00f6\u00f6rduda reguleeriva asutuse v\u00f5i andmekaitseasutuse poole.<\/p>\n<p><strong>Teie andmete turvalisus<\/strong><\/p>\n<p>Teie isikuandmete turvalisus on meie jaoks oluline, kuid pidage meeles, et \u00fckski Interneti-teel info vahetamise viis ega elektrooniline salvestusmeetod pole 100% turvaline. Kuigi anname endast k\u00f5ik, et kaitsta Teie andmeid, ei saa me tagada nende t\u00e4ielikku turvalisust.<\/p>\n<p>ITkool O\u00dc v\u00f5tab ette k\u00f5ik m\u00f5istlikult vajalikud meetmed, et tagada Teie andmete t\u00f6\u00f6tlemine turvaliselt ja koosk\u00f5las k\u00e4esoleva privaatsuspoliitika ning Eesti Vabariigi seadusega. Teie andmeid ei edastata \u00fchelegi organisatsioonile ega riigile, v\u00e4lja arvatud juhul, kui selleks on m\u00f5juv p\u00f5hjus ja on tagatud Teie andmete turvalisus.<\/p>\n<p><\/p>\t\t\t\t\t\t\t\t<\/div>\n\t\t\t\t<\/div>\n\t\t\t\t\t<\/div>\n\t\t\t\t<\/div>\n\t\t\t\t<\/div>","protected":false},"excerpt":{"rendered":"<p>Privaatsuspoliitika ITkool O\u00dc (ITmeister koolituskeskus) jaoks on oluline Teie privaatsus ja j\u00e4rgida k\u00f5iki kehtivaid seadusi ja m\u00e4\u00e4rusi mis tahes isikuandmete kohta, mida v\u00f5ime Teie kohta koguda, kui k\u00fclastate meie veebilehte www.itmeister.ee. Meie veebisaiti kasutades n\u00f5ustute, et kogume ja kasutame Teie andmeid vastavalt k\u00e4esolevale privaatsuspoliitikale. Teie andmete t\u00f6\u00f6tleja on ITkool O\u00dcettev\u00f5tte reg. number: 14064096e-post: info@itmeister.eetelefoninumber: +37259027886&hellip;<\/p>","protected":false},"author":1,"featured_media":0,"parent":0,"menu_order":0,"comment_status":"closed","ping_status":"closed","template":"","meta":{"footnotes":""},"class_list":["post-9559","page","type-page","status-publish","hentry"],"jetpack_sharing_enabled":true,"_links":{"self":[{"href":"https:\/\/itmeister.ee\/ru\/wp-json\/wp\/v2\/pages\/9559","targetHints":{"allow":["GET"]}}],"collection":[{"href":"https:\/\/itmeister.ee\/ru\/wp-json\/wp\/v2\/pages"}],"about":[{"href":"https:\/\/itmeister.ee\/ru\/wp-json\/wp\/v2\/types\/page"}],"author":[{"embeddable":true,"href":"https:\/\/itmeister.ee\/ru\/wp-json\/wp\/v2\/users\/1"}],"replies":[{"embeddable":true,"href":"https:\/\/itmeister.ee\/ru\/wp-json\/wp\/v2\/comments?post=9559"}],"version-history":[{"count":7,"href":"https:\/\/itmeister.ee\/ru\/wp-json\/wp\/v2\/pages\/9559\/revisions"}],"predecessor-version":[{"id":9746,"href":"https:\/\/itmeister.ee\/ru\/wp-json\/wp\/v2\/pages\/9559\/revisions\/9746"}],"wp:attachment":[{"href":"https:\/\/itmeister.ee\/ru\/wp-json\/wp\/v2\/media?parent=9559"}],"curies":[{"name":"wp","href":"https:\/\/api.w.org\/{rel}","templated":true}]}}