{"id":9065,"date":"2022-12-19T12:17:34","date_gmt":"2022-12-19T12:17:34","guid":{"rendered":"https:\/\/itmeister.ee\/?page_id=9065"},"modified":"2024-02-05T22:31:23","modified_gmt":"2024-02-05T22:31:23","slug":"oppekorralduse-alused","status":"publish","type":"page","link":"https:\/\/itmeister.ee\/ru\/oppekorralduse-alused\/","title":{"rendered":"\u00d5ppekorralduse alused"},"content":{"rendered":"<div data-elementor-type=\"wp-page\" data-elementor-id=\"9065\" class=\"elementor elementor-9065\" data-elementor-post-type=\"page\">\n\t\t\t\t\t\t<section class=\"elementor-section elementor-top-section elementor-element elementor-element-cbae657 elementor-section-boxed elementor-section-height-default elementor-section-height-default\" data-id=\"cbae657\" data-element_type=\"section\" data-e-type=\"section\">\n\t\t\t\t\t\t<div class=\"elementor-container elementor-column-gap-wide\">\n\t\t\t\t\t<div class=\"elementor-column elementor-col-100 elementor-top-column elementor-element elementor-element-a9fb0da\" data-id=\"a9fb0da\" data-element_type=\"column\" data-e-type=\"column\">\n\t\t\t<div class=\"elementor-widget-wrap elementor-element-populated\">\n\t\t\t\t\t\t<div class=\"elementor-element elementor-element-29b5902 elementor-widget elementor-widget-text-editor\" data-id=\"29b5902\" data-element_type=\"widget\" data-e-type=\"widget\" data-widget_type=\"text-editor.default\">\n\t\t\t\t<div class=\"elementor-widget-container\">\n\t\t\t\t\t\t\t\t\t<h4><strong>1. \u00dclds\u00e4tted.<\/strong><\/h4><p>1.1. ITmeister on koolituskeskus, mille asutas ITkool O\u00dc.<br \/>1.2. ITmeister korraldab t\u00e4iskasvanutele suunatud t\u00e4iendkoolitusi.<br \/>1.3. ITmeister l\u00e4htub oma t\u00e4ienduskoolituse (edaspidi koolitus) korraldamisel kehtivast t\u00e4iskasvanute koolituse seadusest ning t\u00e4ienduskoolitus standartist.<br \/>1.4. \u00d5ppet\u00f6\u00f6 toimub aadressil J\u00f5e 2, 10151, Tallinn.<br \/>1.5. Koolitused toimuvad aastaringselt, koolituskalendri alusel. Koolituse mahtu arvestatakse akadeemilistes tundides, kus \u00fcks akadeemiline tund on 45 minutit.<br \/>1.6. Koolituse korralduse, kavade ja ajakavadega saab tutvuda kodulehel www.itmeister.ee<br \/>1.7. Koolitused toimuvad vene keeles.<br \/>1.8. \u00d5ppet\u00f6\u00f6 toimub t\u00f6\u00f6p\u00e4evadel p\u00e4evase \u00f5ppet\u00f6\u00f6 vormis, klientide vajadusel l\u00e4htuvalt on v\u00f5imalikud ka \u00f5htused ja n\u00e4dalavahetustel l\u00e4biviidavad koolitusprogrammid.<br \/>1.9. Koolitused toimuvad valdavalt grupikoolitusena. Individuaal\u00f5ppe puhul viiakse koolitus l\u00e4bi \u00f5ppija vajadustest l\u00e4htuva individuaalse \u00f5ppekava alusel.<br \/>1.10. \u00d5pingute alusdokument on \u00f5ppekava, kus on m\u00e4\u00e4ratletud:<br \/>&#8211; \u00f5ppekava nimetus;<br \/>&#8211; \u00f5ppekavar\u00fchm;<br \/>&#8211; \u00f5piv\u00e4ljundid;<br \/>&#8211; \u00f5pingute alustamise tingimused, juhul kui need on eeltingimuseks \u00f5piv\u00e4ljundite saavutamisel;<br \/>&#8211; \u00f5ppe kogumaht, sealhulgas auditoorse ja iseseisva t\u00f6\u00f6 osakaal;<br \/>&#8211; \u00f5ppe sisu;<br \/>&#8211; \u00f5ppekeskkonna kirjeldus;<br \/>&#8211; \u00f5ppematerjalide loend, juhul kui \u00f5ppekava l\u00e4bimiseks on ette n\u00e4htud \u00f5ppematerjalid;<br \/>&#8211; l\u00f5petamise tingimused ja v\u00e4ljastatavad dokumendid;<br \/>&#8211; koolituse l\u00e4biviimiseks vajaliku kvalifikatsiooni, \u00f5pi- v\u00f5i t\u00f6\u00f6kogemuse kirjeldus.<br \/>1.11. \u00d5ppekavad ja muudatused \u00f5ppekavas kinnitab ITmeister koolituskeskus.<\/p><h4><strong>2. Isikuandmete kogunemine ja t\u00f6\u00f6tlemine.<\/strong><\/h4><p>2.1. Koolituskeskus kogub \u00f5ppijate kohta j\u00e4rgmisi andmeid: ees- ja perekonnanimi, isikukood (tunnistuse v\u00f5i t\u00f5endi jaoks), e-posti aadress, kontakttelefon.<br \/>2.2. Isikuandmeid t\u00f6\u00f6deldakse vastavalt isikuandmete kaitse seadusele (\u00a76)<\/p><h4>3. T\u00e4iendkoolitusele registreerumine la koolitusgrupi komplekteerimine.<\/h4><p>3.1. Koolitusele tuleb eelnevalt registreeruda, t\u00e4ites vastava registreerimisvorm v\u00f5i e-posti (info@itmeister.ee) teel.<br \/>3.2. \u00d5ppijal on \u00f5igus saada t\u00e4iendavat infot koolituse kontkaktisikult, kelle kontaktid on koolituskeskuse kodulehel.<br \/>3.3. \u00d5ppegrupp moodustatakse koolitusele registreerumise j\u00e4rjekorra alusel.<br \/>3.4. Koolituse alustamiseks koostatakse koolitusel osalejate nimekiri.<br \/>3.5. Koolituskeskus j\u00e4tab endale \u00f5iguse teha \u00f5ppeplaanis muudatusi. Koolitusgrupi mittet\u00e4itumisel korral on koolitajal \u00f5igus koolitus \u00e4ra j\u00e4tta v\u00f5i koolituse toimumine edasil\u00fckata kuni koolitusgrupi t\u00e4itumiseni.<br \/>3.6. Koolituse registreerinuid teavitatakse koolituse edasil\u00fckkumisest v\u00f5i \u00e4raj\u00e4tmisest telefoni v\u00f5i e-posti teel v\u00e4hemalt kolm p\u00e4eva ette. \u00c4ra j\u00e4\u00e4nud koolituse eest tasutud summa makstakse tagasi v\u00f5i kantakse soovi korral \u00fcle m\u00f5ne teise koolituse osav\u00f5tutasuks.<br \/>3.7. Koolitusgrupi mitte t\u00e4itumise korral on koolitajal \u00f5igus koolitus \u00e4ra j\u00e4tta.<\/p><h4>4. Koolituse alustamise ja koolitusel osalemine.<\/h4><p>4.1. Koolitusel \u00f5ppimist saavad alustada \u00f5ppijad, kes on koolitusjuhi poolt \u00f5ppegruppi arvatud ning kes on tasunud \u00f5ppemaksu.<br \/>4.2. \u00d5ppet\u00f6\u00f6st osav\u00f5ttu kinnitab \u00f5ppija oma allkirjaga registreerimislehel.<\/p><h4>5. Koolituse l\u00f5petamine ja v\u00e4ljaarvamise kord.<\/h4><p>5.1. Koolitus loetakse l\u00e4bituks, kui on t\u00e4idetud \u00f5ppekava mahust v\u00e4hemalt 75% ja teised koolituskavast tulenevad n\u00f5uded (nt arvestus, praktiline t\u00f6\u00f6 jms).<br \/>5.2. Koolituse l\u00f5ppedes v\u00e4ljastab koolituskeskus koolituse l\u00e4binule tunnistuse v\u00f5i t\u00f5endi.<br \/>5.3. Tunnistus on koolituse l\u00f5petamist t\u00f5endav dokument, mis v\u00e4ljastatakse \u00f5ppijale juhul, kui \u00f5ppija on osalenud v\u00e4hemalt 75% \u00f5ppetundidest ja koolituse k\u00e4igus hinnati \u00f5piv\u00e4ljundite saavutatust ja \u00f5ppija saavutas k\u00f5ik \u00f5ppekava l\u00f5petamiseks n\u00f5utud \u00f5piv\u00e4ljundid.<br \/>5.4. T\u00f5end koolituses osalemise v\u00f5i selle l\u00e4bimise kohta v\u00e4ljastatakse \u00f5ppijale juhul, kui \u00f5ppija on osalenud v\u00e4hem kui 75% \u00f5ppetundidest ja koolituse k\u00e4igus ei hinnatud \u00f5piv\u00e4ljundite saavutatust v\u00f5i kui \u00f5ppija ei saavutanud k\u00f5iki \u00f5ppekava l\u00f5petamiseks n\u00f5utud \u00f5piv\u00e4ljundeid.<br \/>5.5. V\u00e4lja antud tunnistused\/t\u00f5endid allkirjastatakse koolijuhtkonna poolt. K\u00f5ik tunnistused\/t\u00f5endid on nummerdatud ja registreeritakse tunnistuste v\u00f5i t\u00f5endite registreerimisraamatutes.<br \/>5.6. Koolituse dokumente (tunnistuste koopiad, t\u00f5endite koopiad, \u00f5ppijate isiklikud toimikud, tagasiside tulemused jne) s\u00e4ilitatakse kooli arhiivis vastavalt kooli asjaajamiskorrale.<br \/>5.7. Koolitusel osaleja t\u00e4idab koolituse l\u00f5pus vastavad tagasisidevormid.<br \/>5.8. \u00d5ppija arvatakse koolist v\u00e4lja isikliku kirjaliku sooviavalduse p\u00f5hjal v\u00f5i \u00f5ppija ja kooli vahel s\u00f5lmitud lepingus m\u00e4\u00e4ratletud \u00f5ppemaksu t\u00e4htaegsel tasumata j\u00e4tmisel v\u00f5i kui \u00f5ppija on t\u00e4itnud \u00f5ppekava t\u00e4ies mahus.<\/p><h4>6. Koolituse eest tasumine.<\/h4><p>6.1. Koolituse eest tasumine toimub arve alusel enne koolituse algust. Arve saadetakse e-posti teel. Arve tuleb tasuda arvel m\u00e4rgitud t\u00e4htajaks.<br \/>6.2. Koolituse eest on v\u00f5imalus tasuda osamaksetena, mille kohta s\u00f5lmitakse maksjaga eraldi kokkulepe, kus m\u00e4\u00e4ratakse maksmisele kuuluvad summad ja t\u00e4htp\u00e4evad.<br \/>6.3. Koolitusasutuses ei toimu \u00f5ppetasust vabastamist.<br \/>6.4. Kui koolitusel osaleb \u00fche t\u00f6\u00f6andja juurest 3 v\u00f5i rohkem osalejat on v\u00f5imalik saada koolituse hinnast 10% soodustust.<br \/>6.5. \u00d5ppemaksu suuruse kehtestab koolituskeskus v\u00e4hemalt 30 p\u00e4eva enne \u00f5ppet\u00f6\u00f6 algust.<\/p><h4>7. \u00d5ppetasu tagastamise ja koolituse katkestamise tingimused.<\/h4><p>7.1. Kui koolitusele registreerunul ei ole v\u00f5imalik koolitusest osa v\u00f5tta, tuleb sellest teavitada koolituse kontaktisikut, e-posti v\u00f5i telefoni teel.<br \/>7.2. Koolitusest loobumise teatamisel kuni 7 p\u00e4eva enne koolituse algust tagastatakse 100% \u00f5ppetasust. Koolitusest loobumise teatamisel 3-6 p\u00e4eva enne koolituse toimumist tagastatakse 75% \u00f5ppetasust. Koolitusest loobumise teatamisel v\u00e4hem kui 72 tundi enne koolituse toimumise algust v\u00f5i koolitusele teatamata mitteilmumisel \u00f5ppetasu ei tagastata.<br \/>7.3. Kui \u00f5ppija on registreerinud ennast koolitusele ning siiski ei ilmu koolitusele ning ei teata enda mitteilmumisest v\u00e4hemalt 7 kalendrip\u00e4eva ette, siis ei kuulu koolituse eest tasutud summa tagastamisele.<br \/>7.4. Koolituse poolelij\u00e4tmisel \u00f5ppetasu ei tagastata ja vahelej\u00e4\u00e4nud tunnid j\u00e4rgnevate \u00f5ppetundina arvesse ei v\u00f5eta. Kui katkestamiseks on m\u00f5juv p\u00f5hjus (tervislikud p\u00f5hjused, t\u00f6\u00f6l\u00e4hetused vms), siis saab \u00f5ppija liituda j\u00e4rgmise grupiga.<\/p><h4>8. Koolitatava kohustused ja \u00f5igused.<\/h4><p>8.1. \u00d5igused:<br \/>8.1.1 n\u00f5uda kvaliteetset koolitust;<br \/>8.1.2 valida oma v\u00f5imetele ja huvidele vastav koolitus;<br \/>8.1.3 enne koolitusele \u00f5ppima asumist tutvuda koolituskeskuse \u00f5ppekorralduse ja \u00f5ppekava t\u00e4iendavat infot saada;<br \/>8.1.4 lahkuda omal soovil enne \u00f5ppeperioodi l\u00f5ppu, kusjuures sel juhul \u00f5ppemaksu ei tagastata;<br \/>8.1.5 saada kursuse l\u00f5pus koolitusel osalemist kinnitav tunnistus v\u00f5i t\u00f5end;<br \/>8.2. Kohustused:<br \/>8.2.1 t\u00e4itma koolitusleskuse poolt kehtestatud sisekorraeeskirju;<br \/>8.2.2 tegutsema h\u00e4daolukorras (tulekahju, veeavarii, pommi\u00e4hvardus jms) vastavalt eeskirjadele ja koolituskeskuse t\u00f6\u00f6tajate korraldustele;<br \/>8.2.3 hoidma tema kasutusse antud \u00f5ppevahendeid ja koolituskeskuse vara;<br \/>8.2.4 ITmeistri koolituse eest makstud \u00f5ppetasu on koolituse eest tasujal \u00f5igus n\u00e4idata tuludeklaratsioonos koolituskuluna vastavalt tutlumaksuseaduse 7-le 26;<br \/>8.2.5 k\u00e4ituma vastavalt \u00fcldtunnustatud k\u00f5mblusnormidele.<\/p><p>9. Koolitajate kvalifikatsioonin\u00f5uded.<\/p><p>9.1. Koolitaja \u00f5petajad peavad omama k\u00f5rgemat erialast ning pedagoogilist haridust v\u00f5i olema aktiivselt tegutsenud \u00f5petatavas valdkonnas ning omama vastavasisulist kogemust, mida nad on v\u00f5imelised t\u00f5estama.<\/p><h4>10. L\u00f5pps\u00e4tted.<\/h4><p>10.1. K\u00e4esoleva eeskirjaga reguleerimata k\u00fcsimustes ning erandjuhtudel s\u00f5lmitakse \u00f5ppija ja kursusekeskuse vahel eraldi kokkulepped.<\/p><h4>11. Vaidluste lahendamise kord.<\/h4><p>11.1. Koolitaja ja \u00f5ppija vahel tekkinud eriarvamused ja vaidlused lahendavad pooled eelk\u00f5ige l\u00e4bir\u00e4\u00e4kimiste teel.<br \/>11.2. Kui osapooled kokkulepet ei saavuta, siis lahendatakse vaidlused vastavalt Eesti Vabariigi kehtivale seadusandlusele.<\/p>\t\t\t\t\t\t\t\t<\/div>\n\t\t\t\t<\/div>\n\t\t\t\t\t<\/div>\n\t\t<\/div>\n\t\t\t\t\t<\/div>\n\t\t<\/section>\n\t\t\t\t<\/div>","protected":false},"excerpt":{"rendered":"<p>1. \u00dclds\u00e4tted. 1.1. ITmeister on koolituskeskus, mille asutas ITkool O\u00dc.1.2. ITmeister korraldab t\u00e4iskasvanutele suunatud t\u00e4iendkoolitusi.1.3. ITmeister l\u00e4htub oma t\u00e4ienduskoolituse (edaspidi koolitus) korraldamisel kehtivast t\u00e4iskasvanute koolituse seadusest ning t\u00e4ienduskoolitus standartist.1.4. \u00d5ppet\u00f6\u00f6 toimub aadressil J\u00f5e 2, 10151, Tallinn.1.5. Koolitused toimuvad aastaringselt, koolituskalendri alusel. Koolituse mahtu arvestatakse akadeemilistes tundides, kus \u00fcks akadeemiline tund on 45 minutit.1.6. Koolituse korralduse,&hellip;<\/p>","protected":false},"author":1,"featured_media":0,"parent":0,"menu_order":90,"comment_status":"closed","ping_status":"closed","template":"","meta":{"footnotes":""},"class_list":["post-9065","page","type-page","status-publish","hentry"],"jetpack_sharing_enabled":true,"_links":{"self":[{"href":"https:\/\/itmeister.ee\/ru\/wp-json\/wp\/v2\/pages\/9065","targetHints":{"allow":["GET"]}}],"collection":[{"href":"https:\/\/itmeister.ee\/ru\/wp-json\/wp\/v2\/pages"}],"about":[{"href":"https:\/\/itmeister.ee\/ru\/wp-json\/wp\/v2\/types\/page"}],"author":[{"embeddable":true,"href":"https:\/\/itmeister.ee\/ru\/wp-json\/wp\/v2\/users\/1"}],"replies":[{"embeddable":true,"href":"https:\/\/itmeister.ee\/ru\/wp-json\/wp\/v2\/comments?post=9065"}],"version-history":[{"count":19,"href":"https:\/\/itmeister.ee\/ru\/wp-json\/wp\/v2\/pages\/9065\/revisions"}],"predecessor-version":[{"id":9606,"href":"https:\/\/itmeister.ee\/ru\/wp-json\/wp\/v2\/pages\/9065\/revisions\/9606"}],"wp:attachment":[{"href":"https:\/\/itmeister.ee\/ru\/wp-json\/wp\/v2\/media?parent=9065"}],"curies":[{"name":"wp","href":"https:\/\/api.w.org\/{rel}","templated":true}]}}